{"id":113,"date":"2013-11-28T11:41:33","date_gmt":"2013-11-28T09:41:33","guid":{"rendered":"http:\/\/brassoi-turista-egyesulet.eu\/?page_id=113"},"modified":"2015-09-29T13:10:58","modified_gmt":"2015-09-29T10:10:58","slug":"jogi-dolgok","status":"publish","type":"page","link":"https:\/\/brassoi-turista-egyesulet.eu\/?page_id=113","title":{"rendered":"Jogi dolgok"},"content":{"rendered":"<p>Mivel a Brass\u00f3i Turista Egyes\u00fcletet az elm\u00falt id\u0151szakban t\u00f6bb t\u00e1mad\u00e1s \u00e9rte &#8211; megjegyzem igazs\u00e1gtalanul &#8211; \u00edgy \u00fagy d\u00f6nt\u00f6ttem, hogy elmagyar\u00e1zom mindenkinek, hogy meg\u00e9rtse mir\u0151l van sz\u00f3.<\/p>\n<p>Azzal t\u00e1madt\u00e1k az egyes\u00fcletet, hogy a tagok nincsenek a t\u00f6rv\u00e9nysz\u00e9ken bejegyezve, \u00e9s, hogy \u00edgy nem m\u0171k\u00f6dhet az egyes\u00fclet.<\/p>\n<p>A helyzet a k\u00f6vetkez\u0151k\u00e9ppen \u00e1ll:<\/p>\n<ul>\n<li>A m\u0171k\u00f6d\u00e9si enged\u00e9ly \u00e9rtelm\u00e9ben ahhoz, hogy m\u0171k\u00f6dj\u00f6n az egyes\u00fclet, a tagok minim\u00e1lis l\u00e9tsz\u00e9ma a t\u00f6rv\u00e9ny \u00e1ltal meghat\u00e1rozott minimum l\u00e9tsz\u00e1mot el kell \u00e9rje, vagyis legalabb 3 tag: ami a mi eset\u00fcnkben eln\u00f6k, aleln\u00f6k ls titk\u00e1r.<\/li>\n<li>B\u00e1rki be\u00edratkozhat az egyes\u00fcletbe ami a k\u00f6vetkez\u0151 f\u00e9le k\u00e9ppen kell t\u00f6rt\u00e9njen: egy k\u00e9rv\u00e9nyt kell kit\u00f6lts\u00f6n a Vezet\u0151 Tan\u00e1cs r\u00e9sz\u00e9re, ezt k\u00e9t alap\u00edt\u00f3tag j\u00f3v\u00e1 kell hagyja \u00e9s ezek ut\u00e1n a l\u00e9tez\u0151 tagok 2\/3-a el kell fogadja. Miut\u00e1n tagg\u00e1 v\u00e1lik beker\u00fcl egy regiszterbe ami a vezet\u0151tan\u00e1csn\u00e1l van ny\u00edlv\u00e1ntartva.<\/li>\n<li><strong>NEM KELL A TAGOKAT A T\u00d6RV\u00c9NYSZ\u00c9KEN BEJELENTENI!! SEMMILYEN T\u00d6RV\u00c9NY NEM \u00cdRJA EZT EL\u0150!!\u00a0<\/strong>Milyen is lenne, ha minden be\u00edratkoz\u00e1sn\u00e1l, illetve tags\u00e1gr\u00f3l val\u00f3 lemond\u00e1sn\u00e1l menn\u00e9nk a t\u00f6rv\u00e9nysz\u00e9kre \u00e9s jelent\u00e9seket csin\u00e1ln\u00e1nk? R\u00e1ad\u00e1sul ki fizetn\u00e9 ezeket a dolgokat? B\u00e1rmely m\u00f3dos\u00edt\u00e1s 200 lej felett ker\u00fcl, ezt neh\u00e9z lenne \u00e9vi 12 lejb\u0151l fedezni. Csak a vezet\u0151s\u00e9get kell a t\u00f6rv\u00e9nysz\u00e9ken bejelentei &#8211; mert ezek az emberek akik felel\u0151s\u00e9ggel tartoznak az egyes\u00fclet\u00e9rt.<\/li>\n<li>Mindenki aki eddig be\u00edratkozott az egyes\u00fcletbe az tagk\u00e9nt van ny\u00edlv\u00e1ntartva \u00e9s nagyon sajn\u00e1ljuk, hogy ezek az emberek nem \u00e9lnek ezzel a jogukkal.<\/li>\n<li>Hivatalos helyeken a tags\u00e1got a Vezet\u0151 Tan\u00e1cs \u00e1ltal ki\u00e1l\u00edtott igazlv\u00e1nnyal lehet biozony\u00edtani. Ez az\u00e9rt van \u00edgy, mert ha valaki m\u00e1r nem tag viszont \u00a0megvan a tags\u00e1gk\u00f6nyve, ne tudjon hamisan el\u0151ny\u00f6kh\u00f6z jutni.<\/li>\n<\/ul>\n<p>M\u00e9g egyszer felh\u00edvom a figyelm\u00e9t mindenkinek, hogy mindenki saj\u00e1t maga d\u00f6nt a tags\u00e1g\u00e1t illet\u0151en. B\u00e1rmely tagnak joga van lemondani a tags\u00e1g\u00e1r\u00f3l vagy elj\u00e1rni a kir\u00e1ndul\u00e1sokra.<\/p>\n<p>&nbsp;<\/p>\n<p>M\u00e9ly tisztelettel: A vezet\u0151s\u00e9g<\/p>\n","protected":false},"excerpt":{"rendered":"<p>Mivel a Brass\u00f3i Turista Egyes\u00fcletet az elm\u00falt id\u0151szakban t\u00f6bb t\u00e1mad\u00e1s \u00e9rte &#8211; megjegyzem igazs\u00e1gtalanul &#8211; \u00edgy \u00fagy d\u00f6nt\u00f6ttem, hogy elmagyar\u00e1zom mindenkinek, hogy meg\u00e9rtse mir\u0151l van sz\u00f3. Azzal t\u00e1madt\u00e1k az egyes\u00fcletet, hogy a tagok nincsenek a t\u00f6rv\u00e9nysz\u00e9ken bejegyezve, \u00e9s, hogy \u00edgy nem m\u0171k\u00f6dhet az egyes\u00fclet. A helyzet a k\u00f6vetkez\u0151k\u00e9ppen \u00e1ll: A m\u0171k\u00f6d\u00e9si enged\u00e9ly \u00e9rtelm\u00e9ben ahhoz, hogy &hellip; <a href=\"https:\/\/brassoi-turista-egyesulet.eu\/?page_id=113\" class=\"more-link\">Continue reading <span class=\"screen-reader-text\">Jogi dolgok<\/span> <span class=\"meta-nav\">&rarr;<\/span><\/a><\/p>\n","protected":false},"author":1,"featured_media":0,"parent":0,"menu_order":0,"comment_status":"closed","ping_status":"open","template":"","meta":{"footnotes":""},"class_list":["post-113","page","type-page","status-publish","hentry"],"_links":{"self":[{"href":"https:\/\/brassoi-turista-egyesulet.eu\/index.php?rest_route=\/wp\/v2\/pages\/113","targetHints":{"allow":["GET"]}}],"collection":[{"href":"https:\/\/brassoi-turista-egyesulet.eu\/index.php?rest_route=\/wp\/v2\/pages"}],"about":[{"href":"https:\/\/brassoi-turista-egyesulet.eu\/index.php?rest_route=\/wp\/v2\/types\/page"}],"author":[{"embeddable":true,"href":"https:\/\/brassoi-turista-egyesulet.eu\/index.php?rest_route=\/wp\/v2\/users\/1"}],"replies":[{"embeddable":true,"href":"https:\/\/brassoi-turista-egyesulet.eu\/index.php?rest_route=%2Fwp%2Fv2%2Fcomments&post=113"}],"version-history":[{"count":6,"href":"https:\/\/brassoi-turista-egyesulet.eu\/index.php?rest_route=\/wp\/v2\/pages\/113\/revisions"}],"predecessor-version":[{"id":139,"href":"https:\/\/brassoi-turista-egyesulet.eu\/index.php?rest_route=\/wp\/v2\/pages\/113\/revisions\/139"}],"wp:attachment":[{"href":"https:\/\/brassoi-turista-egyesulet.eu\/index.php?rest_route=%2Fwp%2Fv2%2Fmedia&parent=113"}],"curies":[{"name":"wp","href":"https:\/\/api.w.org\/{rel}","templated":true}]}}