{"id":51,"date":"2013-11-27T15:19:16","date_gmt":"2013-11-27T13:19:16","guid":{"rendered":"http:\/\/brassoi-turista-egyesulet.eu\/?page_id=51"},"modified":"2016-01-12T13:41:00","modified_gmt":"2016-01-12T10:41:00","slug":"kapcsolat","status":"publish","type":"page","link":"https:\/\/brassoi-turista-egyesulet.eu\/?page_id=51","title":{"rendered":"Kapcsolat"},"content":{"rendered":"<p><strong>Societatea Turistic\u0103 din Bra\u0219ov S.T.B -Brass\u00f3i Turista Egyes\u00fclet B.T.E.<\/strong><\/p>\n<p>CUI:\u00a018147900, M\u0171k\u00f6d\u00e9si enged\u00e9ly:\u00a011745 \/ 03\/11\/2005<\/p>\n<p>Sz\u00e9khely: Brass\u00f3, Str. P\u0103ltini\u0219 nr. 21<\/p>\n<p>Tel: 0368 418 901<\/p>\n<p>E-mail: bvturista@gmail.com<\/p>\n<p><strong>Vezet\u0151s\u00e9g:<\/strong><\/p>\n<p>Alap\u00edt\u00f3 eln\u00f6k: <strong>Szotyory Gy\u00f6rgy<\/strong><\/p>\n<p>Eln\u00f6k: <strong>Szotyory K\u00e1lm\u00e1n<\/strong><\/p>\n<p>Aleln\u00f6k\u00f6k: <strong>Pisz\u00e1r K\u00e1roly, Szotyory Lehel, Brummer Kl\u00e1ra<\/strong><\/p>\n<p>Titk\u00e1r: <strong>Szotyory M\u00e1ria<\/strong><\/p>\n<p>\u00dcgyv\u00e9d: <strong>Zamora Maricel<\/strong><\/p>\n","protected":false},"excerpt":{"rendered":"<p>Societatea Turistic\u0103 din Bra\u0219ov S.T.B -Brass\u00f3i Turista Egyes\u00fclet B.T.E. CUI:\u00a018147900, M\u0171k\u00f6d\u00e9si enged\u00e9ly:\u00a011745 \/ 03\/11\/2005 Sz\u00e9khely: Brass\u00f3, Str. P\u0103ltini\u0219 nr. 21 Tel: 0368 418 901 E-mail: bvturista@gmail.com Vezet\u0151s\u00e9g: Alap\u00edt\u00f3 eln\u00f6k: Szotyory Gy\u00f6rgy Eln\u00f6k: Szotyory K\u00e1lm\u00e1n Aleln\u00f6k\u00f6k: Pisz\u00e1r K\u00e1roly, Szotyory Lehel, Brummer Kl\u00e1ra Titk\u00e1r: Szotyory M\u00e1ria \u00dcgyv\u00e9d: Zamora Maricel<\/p>\n","protected":false},"author":1,"featured_media":0,"parent":0,"menu_order":0,"comment_status":"closed","ping_status":"closed","template":"","meta":{"footnotes":""},"class_list":["post-51","page","type-page","status-publish","hentry"],"_links":{"self":[{"href":"https:\/\/brassoi-turista-egyesulet.eu\/index.php?rest_route=\/wp\/v2\/pages\/51","targetHints":{"allow":["GET"]}}],"collection":[{"href":"https:\/\/brassoi-turista-egyesulet.eu\/index.php?rest_route=\/wp\/v2\/pages"}],"about":[{"href":"https:\/\/brassoi-turista-egyesulet.eu\/index.php?rest_route=\/wp\/v2\/types\/page"}],"author":[{"embeddable":true,"href":"https:\/\/brassoi-turista-egyesulet.eu\/index.php?rest_route=\/wp\/v2\/users\/1"}],"replies":[{"embeddable":true,"href":"https:\/\/brassoi-turista-egyesulet.eu\/index.php?rest_route=%2Fwp%2Fv2%2Fcomments&post=51"}],"version-history":[{"count":9,"href":"https:\/\/brassoi-turista-egyesulet.eu\/index.php?rest_route=\/wp\/v2\/pages\/51\/revisions"}],"predecessor-version":[{"id":835,"href":"https:\/\/brassoi-turista-egyesulet.eu\/index.php?rest_route=\/wp\/v2\/pages\/51\/revisions\/835"}],"wp:attachment":[{"href":"https:\/\/brassoi-turista-egyesulet.eu\/index.php?rest_route=%2Fwp%2Fv2%2Fmedia&parent=51"}],"curies":[{"name":"wp","href":"https:\/\/api.w.org\/{rel}","templated":true}]}}