{"id":889,"date":"2016-02-25T12:56:00","date_gmt":"2016-02-25T09:56:00","guid":{"rendered":"http:\/\/brassoi-turista-egyesulet.eu\/?page_id=889"},"modified":"2016-06-10T17:35:28","modified_gmt":"2016-06-10T14:35:28","slug":"foto-galeria-ii","status":"publish","type":"page","link":"https:\/\/brassoi-turista-egyesulet.eu\/?page_id=889","title":{"rendered":"Fot\u00f3 gal\u00e9ria II"},"content":{"rendered":"<h5>A Lempes v\u00e1rhegy t\u00e9len, ny\u00e1ron<\/h5>\n<span style=\"display:block;clear:both;height: 0px;padding-top: 20px;\"><\/span>\n<p>[nggallery id=219]<\/p>\n<span style=\"display:block;clear:both;height: 0px;padding-top: 20px;\"><\/span>\n<h5><\/h5>\n<h5>Sz\u00e9kelyk\u0151 &#8211; Torock\u00f3 &#8211; EKE t\u00e1bor<\/h5>\n<span style=\"display:block;clear:both;height: 0px;padding-top: 20px;\"><\/span>\n<p>[nggallery id=193]<\/p>\n<span style=\"display:block;clear:both;height: 0px;padding-top: 20px;\"><\/span>\n<h5><\/h5>\n<h5>Lep\u0219a &#8211; Putna v\u00edzes\u00e9s &#8211; Ti\u0219i\u021bei v\u00f6lgy<\/h5>\n<p><iframe loading=\"lazy\" title=\"Cascada Putna\" width=\"604\" height=\"453\" src=\"https:\/\/www.youtube.com\/embed\/YD8vI6cZ4YU?feature=oembed\" frameborder=\"0\" allow=\"accelerometer; autoplay; clipboard-write; encrypted-media; gyroscope; picture-in-picture; web-share\" referrerpolicy=\"strict-origin-when-cross-origin\" allowfullscreen><\/iframe><\/p>\n<p>A filmet k\u00e9sz\u00edtette Szotyory Gy\u00f6rgy<\/p>\n<span style=\"display:block;clear:both;height: 0px;padding-top: 20px;\"><\/span>\n<p>[nggallery id=188]<\/p>\n<p>&nbsp;<\/p>\n<p>&nbsp;<\/p>\n<h5>Nagyhagym\u00e1s &#8211; B\u00e1thori kereszt &#8211; BTE t\u00e1bor<\/h5>\n<span style=\"display:block;clear:both;height: 0px;padding-top: 20px;\"><\/span>\n<p>[nggallery id=183]<\/p>\n<span style=\"display:block;clear:both;height: 0px;padding-top: 20px;\"><\/span>\n<h5><\/h5>\n<h5><strong>Fogarasi-havasok<\/strong><\/h5>\n<p><strong>Podragu<\/strong><\/p>\n<p>[nggallery id=177]<\/p>\n<span style=\"display:block;clear:both;height: 0px;padding-top: 20px;\"><\/span>\n<p><strong>Negoiu<\/strong><\/p>\n<p>[nggallery id=178]<\/p>\n<span style=\"display:block;clear:both;height: 0px;padding-top: 20px;\"><\/span>\n<p><strong>Balea<\/strong><\/p>\n<p>[nggallery id=179]<\/p>\n<span style=\"display:block;clear:both;height: 0px;padding-top: 20px;\"><\/span>\n<h5>A V\u00f6r\u00f6s \u00e1rok<\/h5>\n<p>[nggallery id=180]<\/p>\n","protected":false},"excerpt":{"rendered":"<p>A Lempes v\u00e1rhegy t\u00e9len, ny\u00e1ron [nggallery id=219] Sz\u00e9kelyk\u0151 &#8211; Torock\u00f3 &#8211; EKE t\u00e1bor [nggallery id=193] Lep\u0219a &#8211; Putna v\u00edzes\u00e9s &#8211; Ti\u0219i\u021bei v\u00f6lgy A filmet k\u00e9sz\u00edtette Szotyory Gy\u00f6rgy [nggallery id=188] &nbsp; &nbsp; Nagyhagym\u00e1s &#8211; B\u00e1thori kereszt &#8211; BTE t\u00e1bor [nggallery id=183] Fogarasi-havasok Podragu [nggallery id=177] Negoiu [nggallery id=178] Balea [nggallery id=179] A V\u00f6r\u00f6s \u00e1rok [nggallery id=180]<\/p>\n","protected":false},"author":1,"featured_media":0,"parent":0,"menu_order":0,"comment_status":"closed","ping_status":"closed","template":"","meta":{"footnotes":""},"class_list":["post-889","page","type-page","status-publish","hentry"],"_links":{"self":[{"href":"https:\/\/brassoi-turista-egyesulet.eu\/index.php?rest_route=\/wp\/v2\/pages\/889","targetHints":{"allow":["GET"]}}],"collection":[{"href":"https:\/\/brassoi-turista-egyesulet.eu\/index.php?rest_route=\/wp\/v2\/pages"}],"about":[{"href":"https:\/\/brassoi-turista-egyesulet.eu\/index.php?rest_route=\/wp\/v2\/types\/page"}],"author":[{"embeddable":true,"href":"https:\/\/brassoi-turista-egyesulet.eu\/index.php?rest_route=\/wp\/v2\/users\/1"}],"replies":[{"embeddable":true,"href":"https:\/\/brassoi-turista-egyesulet.eu\/index.php?rest_route=%2Fwp%2Fv2%2Fcomments&post=889"}],"version-history":[{"count":9,"href":"https:\/\/brassoi-turista-egyesulet.eu\/index.php?rest_route=\/wp\/v2\/pages\/889\/revisions"}],"predecessor-version":[{"id":969,"href":"https:\/\/brassoi-turista-egyesulet.eu\/index.php?rest_route=\/wp\/v2\/pages\/889\/revisions\/969"}],"wp:attachment":[{"href":"https:\/\/brassoi-turista-egyesulet.eu\/index.php?rest_route=%2Fwp%2Fv2%2Fmedia&parent=889"}],"curies":[{"name":"wp","href":"https:\/\/api.w.org\/{rel}","templated":true}]}}